{"id":4728,"date":"2014-05-05T15:12:33","date_gmt":"2014-05-05T13:12:33","guid":{"rendered":"https:\/\/stugby.se\/contact\/"},"modified":"2026-01-22T15:11:54","modified_gmt":"2026-01-22T13:11:54","slug":"contact","status":"publish","type":"page","link":"https:\/\/stugby.se\/en\/contact\/","title":{"rendered":"Contact"},"content":{"rendered":"\n<h1>\n\t\t\t\t<\/h1>\n\t\t\t\t\t\t\t\t<a href=\"tel:0248-10%20765\" target=\"_blank\" rel=\"noopener\">\n\t\t\t\t\t\t<\/a>\n\t<h3><a href=\"tel:0248-10%20765\"  target=\"_blank\"  rel=\"noopener\">Phone number<\/a><\/h3><p><a href=\"tel:0248-10%20765\">0248-10 765<\/a><\/p>\n\t\t\t\t\t\t\t\t<a href=\"tel:0248-10%20765\" target=\"_blank\" rel=\"noopener\">\n\t\t\t\t\t\t<\/a>\n\t<h3><a href=\"tel:0248-10%20765\"  target=\"_blank\"  rel=\"noopener\">E-mail<\/a><\/h3><p><a href=\"mailto:info@stugby.se\">info@stugby.se<\/a><\/p>\n\t\t\t\t\t\t\t\t<a href=\"tel:0248-10%20765\" target=\"_blank\" rel=\"noopener\">\n\t\t\t\t\t\t<\/a>\n\t<h3><a href=\"tel:0248-10%20765\"  target=\"_blank\"  rel=\"noopener\">Address<\/a><\/h3><p>V\u00e5lsvedsv\u00e4gen 41, 795 35 R\u00e4ttvik<\/p>\n<h2>\n\t\t\tAbout us\t<\/h2>\n\t<strong>Visiting address<br \/>\n<\/strong>Fyrkl\u00f6verns Stugby AB<br \/>\nV\u00e5lsvedsv\u00e4gen 41<br \/>\n795 35 R\u00c4TTVIK\n\t<strong>Booking and Reception:<\/strong> 0248-10765<a href=\"tel:024810765\"><br \/>\n<\/a>Bankgiro: 785-8855<br \/>\nSwish: 123 571 53 70<br \/>\nVAT registration no. SE-556171-8924 \n<h2>\n\t\t\tOpening hours\t<\/h2>\n\t<strong>Monday &#8211; Friday\u00a0at 8:00 &#8211; 16:00<br \/>\nWednesday at 8:00 &#8211; 15:30<\/strong>\n<strong>CLOSED Saturday &#8211; Sunday and public holidays.<\/strong><br \/>\n&#8230;&#8230;&#8230;&#8230;&#8230;&#8230;&#8230;&#8230;&#8230;&#8230;&#8230;&#8230;&#8230;&#8230;&#8230;&#8230;&#8230;&#8230;&#8230;&#8230;&#8230;&#8230;&#8230;&#8230;.<br \/>\n<strong><br \/>\n<\/strong>We can always be reached on our emergency number, if something is URGENT.\n<p><strong>Questions about bookings, invoices or anything else during closed days should be emailed to :<\/strong><\/p>\n<p>info@stugby.se or by phone when reception is open. We do not have a night shift (23:00 &#8211; 09:00) ! Please respect our on-call number that it is only for emergencies.<\/p>\n<p>&nbsp;<\/p>\n\tThere may be some restrictions on opening hours compared to<br \/>\nabove during periods of low occupancy.\n\n","protected":false},"excerpt":{"rendered":"<p>Phone number 0248-10 765 E-mail info@stugby.se Address V\u00e5lsvedsv\u00e4gen 41, 795 35 R\u00e4ttvik About us Visiting address Fyrkl\u00f6verns Stugby AB V\u00e5lsvedsv\u00e4gen 41 795 35 R\u00c4TTVIK Booking and Reception: 0248-10765 Bankgiro: 785-8855 Swish: 123 571 53 70 VAT registration no. SE-556171-8924 Opening hours Monday &#8211; Friday\u00a0at 8:00 &#8211; 16:00 Wednesday at 8:00 &#8211; 15:30 CLOSED Saturday &#8211;&hellip;<\/p>\n","protected":false},"author":1,"featured_media":0,"parent":0,"menu_order":52,"comment_status":"closed","ping_status":"closed","template":"","meta":{"_acf_changed":false,"footnotes":""},"class_list":["post-4728","page","type-page","status-publish","hentry"],"acf":[],"yoast_head":"<!-- This site is optimized with the Yoast SEO plugin v26.2 - https:\/\/yoast.com\/wordpress\/plugins\/seo\/ -->\n<title>Contact - Fyrkl\u00f6verns Stugby<\/title>\n<meta name=\"robots\" content=\"index, follow, max-snippet:-1, max-image-preview:large, max-video-preview:-1\" \/>\n<link rel=\"canonical\" href=\"https:\/\/stugby.se\/en\/contact\/\" \/>\n<meta property=\"og:locale\" content=\"en_US\" \/>\n<meta property=\"og:type\" content=\"article\" \/>\n<meta property=\"og:title\" content=\"Contact - Fyrkl\u00f6verns Stugby\" \/>\n<meta property=\"og:description\" content=\"Phone number 0248-10 765 E-mail info@stugby.se Address V\u00e5lsvedsv\u00e4gen 41, 795 35 R\u00e4ttvik About us Visiting address Fyrkl\u00f6verns Stugby AB V\u00e5lsvedsv\u00e4gen 41 795 35 R\u00c4TTVIK Booking and Reception: 0248-10765 Bankgiro: 785-8855 Swish: 123 571 53 70 VAT registration no. SE-556171-8924 Opening hours Monday &#8211; Friday\u00a0at 8:00 &#8211; 16:00 Wednesday at 8:00 &#8211; 15:30 CLOSED Saturday &#8211;&hellip;\" \/>\n<meta property=\"og:url\" content=\"https:\/\/stugby.se\/en\/contact\/\" \/>\n<meta property=\"og:site_name\" content=\"Fyrkl\u00f6verns Stugby\" \/>\n<meta property=\"article:modified_time\" content=\"2026-01-22T13:11:54+00:00\" \/>\n<meta name=\"twitter:card\" content=\"summary_large_image\" \/>\n<meta name=\"twitter:label1\" content=\"Est. reading time\" \/>\n\t<meta name=\"twitter:data1\" content=\"1 minute\" \/>\n<script type=\"application\/ld+json\" class=\"yoast-schema-graph\">{\"@context\":\"https:\/\/schema.org\",\"@graph\":[{\"@type\":\"WebPage\",\"@id\":\"https:\/\/stugby.se\/en\/contact\/\",\"url\":\"https:\/\/stugby.se\/en\/contact\/\",\"name\":\"Contact - Fyrkl\u00f6verns Stugby\",\"isPartOf\":{\"@id\":\"https:\/\/stugby.se\/en\/#website\"},\"datePublished\":\"2014-05-05T13:12:33+00:00\",\"dateModified\":\"2026-01-22T13:11:54+00:00\",\"breadcrumb\":{\"@id\":\"https:\/\/stugby.se\/en\/contact\/#breadcrumb\"},\"inLanguage\":\"en-US\",\"potentialAction\":[{\"@type\":\"ReadAction\",\"target\":[\"https:\/\/stugby.se\/en\/contact\/\"]}]},{\"@type\":\"BreadcrumbList\",\"@id\":\"https:\/\/stugby.se\/en\/contact\/#breadcrumb\",\"itemListElement\":[{\"@type\":\"ListItem\",\"position\":1,\"name\":\"Hem\",\"item\":\"https:\/\/stugby.se\/en\/\"},{\"@type\":\"ListItem\",\"position\":2,\"name\":\"Contact\"}]},{\"@type\":\"WebSite\",\"@id\":\"https:\/\/stugby.se\/en\/#website\",\"url\":\"https:\/\/stugby.se\/en\/\",\"name\":\"Fyrkl\u00f6verns Stugby\",\"description\":\"Avkoppling i en stuga i Dalarna, Skid\u00e5kning &amp; andra aktiviteter.\",\"potentialAction\":[{\"@type\":\"SearchAction\",\"target\":{\"@type\":\"EntryPoint\",\"urlTemplate\":\"https:\/\/stugby.se\/en\/?s={search_term_string}\"},\"query-input\":{\"@type\":\"PropertyValueSpecification\",\"valueRequired\":true,\"valueName\":\"search_term_string\"}}],\"inLanguage\":\"en-US\"}]}<\/script>\n<!-- \/ Yoast SEO plugin. -->","yoast_head_json":{"title":"Contact - Fyrkl\u00f6verns Stugby","robots":{"index":"index","follow":"follow","max-snippet":"max-snippet:-1","max-image-preview":"max-image-preview:large","max-video-preview":"max-video-preview:-1"},"canonical":"https:\/\/stugby.se\/en\/contact\/","og_locale":"en_US","og_type":"article","og_title":"Contact - Fyrkl\u00f6verns Stugby","og_description":"Phone number 0248-10 765 E-mail info@stugby.se Address V\u00e5lsvedsv\u00e4gen 41, 795 35 R\u00e4ttvik About us Visiting address Fyrkl\u00f6verns Stugby AB V\u00e5lsvedsv\u00e4gen 41 795 35 R\u00c4TTVIK Booking and Reception: 0248-10765 Bankgiro: 785-8855 Swish: 123 571 53 70 VAT registration no. SE-556171-8924 Opening hours Monday &#8211; Friday\u00a0at 8:00 &#8211; 16:00 Wednesday at 8:00 &#8211; 15:30 CLOSED Saturday &#8211;&hellip;","og_url":"https:\/\/stugby.se\/en\/contact\/","og_site_name":"Fyrkl\u00f6verns Stugby","article_modified_time":"2026-01-22T13:11:54+00:00","twitter_card":"summary_large_image","twitter_misc":{"Est. reading time":"1 minute"},"schema":{"@context":"https:\/\/schema.org","@graph":[{"@type":"WebPage","@id":"https:\/\/stugby.se\/en\/contact\/","url":"https:\/\/stugby.se\/en\/contact\/","name":"Contact - Fyrkl\u00f6verns Stugby","isPartOf":{"@id":"https:\/\/stugby.se\/en\/#website"},"datePublished":"2014-05-05T13:12:33+00:00","dateModified":"2026-01-22T13:11:54+00:00","breadcrumb":{"@id":"https:\/\/stugby.se\/en\/contact\/#breadcrumb"},"inLanguage":"en-US","potentialAction":[{"@type":"ReadAction","target":["https:\/\/stugby.se\/en\/contact\/"]}]},{"@type":"BreadcrumbList","@id":"https:\/\/stugby.se\/en\/contact\/#breadcrumb","itemListElement":[{"@type":"ListItem","position":1,"name":"Hem","item":"https:\/\/stugby.se\/en\/"},{"@type":"ListItem","position":2,"name":"Contact"}]},{"@type":"WebSite","@id":"https:\/\/stugby.se\/en\/#website","url":"https:\/\/stugby.se\/en\/","name":"Fyrkl\u00f6verns Stugby","description":"Avkoppling i en stuga i Dalarna, Skid\u00e5kning &amp; andra aktiviteter.","potentialAction":[{"@type":"SearchAction","target":{"@type":"EntryPoint","urlTemplate":"https:\/\/stugby.se\/en\/?s={search_term_string}"},"query-input":{"@type":"PropertyValueSpecification","valueRequired":true,"valueName":"search_term_string"}}],"inLanguage":"en-US"}]}},"_links":{"self":[{"href":"https:\/\/stugby.se\/en\/wp-json\/wp\/v2\/pages\/4728","targetHints":{"allow":["GET"]}}],"collection":[{"href":"https:\/\/stugby.se\/en\/wp-json\/wp\/v2\/pages"}],"about":[{"href":"https:\/\/stugby.se\/en\/wp-json\/wp\/v2\/types\/page"}],"author":[{"embeddable":true,"href":"https:\/\/stugby.se\/en\/wp-json\/wp\/v2\/users\/1"}],"replies":[{"embeddable":true,"href":"https:\/\/stugby.se\/en\/wp-json\/wp\/v2\/comments?post=4728"}],"version-history":[{"count":5,"href":"https:\/\/stugby.se\/en\/wp-json\/wp\/v2\/pages\/4728\/revisions"}],"predecessor-version":[{"id":4894,"href":"https:\/\/stugby.se\/en\/wp-json\/wp\/v2\/pages\/4728\/revisions\/4894"}],"wp:attachment":[{"href":"https:\/\/stugby.se\/en\/wp-json\/wp\/v2\/media?parent=4728"}],"curies":[{"name":"wp","href":"https:\/\/api.w.org\/{rel}","templated":true}]}}