{"id":4717,"date":"2021-03-10T15:41:28","date_gmt":"2021-03-10T13:41:28","guid":{"rendered":"https:\/\/stugby.se\/home\/"},"modified":"2025-04-08T12:02:17","modified_gmt":"2025-04-08T10:02:17","slug":"home","status":"publish","type":"page","link":"https:\/\/stugby.se\/en\/","title":{"rendered":"Home"},"content":{"rendered":"\n\n\t<h1>Welcome to<br \/>\nFyrkl\u00f6verns Stugby in R\u00e4ttvik!<\/h1>\n\t\t\t<a href=\"https:\/\/fyrklovern.dlbookit.se\/?sprak=UK\" target=\"_blank\" rel=\"noopener\">\n\t\t\t\t\t\t\tSearch for available cabins\n\t\t\t\t\t<\/a>\n\t<h2>Rent cabins in Fyrkl\u00f6verns Stugby in R\u00e4ttvik<\/h2>\n<p>Looking for harmonious and affordable accommodation in R\u00e4ttvik? Fyrkl\u00f6verns Stugby has 28 cottages and is located about 1.5 km from the centre.<\/p>\n<p>The cottages have 3-6 beds and are 21-46 square metres in size. They are equipped for self-catering.<\/p>\n<p>The area has a service centre with reception, laundry room, sauna and conference room.<\/p>\n<h2>Activities in the local area<\/h2>\n<p><a href=\"https:\/\/rattviksbacken.com\/?fbclid=IwAR1wm1eEjOUcb5T71QxOdtjWvFGe0EUqEbS6B3ClXEyNpkq7150JeAMQEB8\" target=\"_blank\" rel=\"noopener\">R\u00e4ttviksbacken and summer toboggan run<\/a>, ski tracks, golf course and hiking areas.<\/p>\n\t\t\t\t\t\t\t\t\t<img decoding=\"async\" src=\"https:\/\/stugby.se\/wp-content\/uploads\/2021\/10\/F5-Nb-28kvm.jpg\" alt=\"F5-Nb-28kvm\" itemprop=\"image\" height=\"735\" width=\"1200\" srcset=\"https:\/\/stugby.se\/wp-content\/uploads\/2021\/10\/F5-Nb-28kvm.jpg 1200w, https:\/\/stugby.se\/wp-content\/uploads\/2021\/10\/F5-Nb-28kvm-300x184.jpg 300w, https:\/\/stugby.se\/wp-content\/uploads\/2021\/10\/F5-Nb-28kvm-1024x627.jpg 1024w, https:\/\/stugby.se\/wp-content\/uploads\/2021\/10\/F5-Nb-28kvm-768x470.jpg 768w\" sizes=\"(max-width: 1200px) 100vw, 1200px\" title=\"F5-Nb-28kvm\" onerror=\"this.style.display='none'\"  \/>\n\t\t\t\t\t\t\t\t\t<img decoding=\"async\" src=\"https:\/\/stugby.se\/wp-content\/uploads\/2015\/11\/DSC_0350.jpg\" alt=\"DSC_0350\" itemprop=\"image\" height=\"979\" width=\"1472\" srcset=\"https:\/\/stugby.se\/wp-content\/uploads\/2015\/11\/DSC_0350.jpg 1472w, https:\/\/stugby.se\/wp-content\/uploads\/2015\/11\/DSC_0350-300x200.jpg 300w, https:\/\/stugby.se\/wp-content\/uploads\/2015\/11\/DSC_0350-1024x681.jpg 1024w, https:\/\/stugby.se\/wp-content\/uploads\/2015\/11\/DSC_0350-768x511.jpg 768w\" sizes=\"(max-width: 1472px) 100vw, 1472px\" title=\"DSC_0350\" onerror=\"this.style.display='none'\"  \/>\n\t<h2>Affordable and quiet accommodation<\/h2>\n<p>We offer affordable and quiet accommodation when you visit R\u00e4ttvik and Siljansbygden in the heart of Dalarna. The wonderful view of Siljan, the proximity to nature, walking distance to restaurants, shopping and swimming do not make matters worse. Dogs are welcome with us. We have a cottage that is handicap friendly, with aids in the bathroom, ramp and parking adjacent to the cottage.<\/p>\n\t<h2>Contact us before your visit<\/h2>\n<p>We have installed 4 electric car charging points for our resident guests. Today we have no payment service function ready. Instead, you have to borrow a card and payment is made by swish alt. invoice afterwards. If you know that you are coming to us, contact us before arrival to possibly borrow chargers for your car.<\/p>\n\t\t\t<a href=\"https:\/\/stugby.se\/kontakta-oss\/\" target=\"_self\">\n\t\t\t\t\t\t\tContact us\n\t\t\t\t\t<\/a>\n\t\t\t\t\t\t\t\t\t<img decoding=\"async\" src=\"https:\/\/stugby.se\/wp-content\/uploads\/2019\/04\/Sommar2.jpg\" alt=\"Sommar2\" itemprop=\"image\" height=\"935\" width=\"1404\" srcset=\"https:\/\/stugby.se\/wp-content\/uploads\/2019\/04\/Sommar2.jpg 1404w, https:\/\/stugby.se\/wp-content\/uploads\/2019\/04\/Sommar2-300x200.jpg 300w, https:\/\/stugby.se\/wp-content\/uploads\/2019\/04\/Sommar2-1024x682.jpg 1024w, https:\/\/stugby.se\/wp-content\/uploads\/2019\/04\/Sommar2-768x511.jpg 768w\" sizes=\"(max-width: 1404px) 100vw, 1404px\" title=\"Sommar2\" onerror=\"this.style.display='none'\"  \/>\n\n","protected":false},"excerpt":{"rendered":"<p>Welcome to Fyrkl\u00f6verns Stugby in R\u00e4ttvik! Search for available cabins Rent cabins in Fyrkl\u00f6verns Stugby in R\u00e4ttvik Looking for harmonious and affordable accommodation in R\u00e4ttvik? Fyrkl\u00f6verns Stugby has 28 cottages and is located about 1.5 km from the centre. The cottages have 3-6 beds and are 21-46 square metres in size. They are equipped for&hellip;<\/p>\n","protected":false},"author":1,"featured_media":0,"parent":0,"menu_order":33,"comment_status":"closed","ping_status":"closed","template":"","meta":{"_acf_changed":false,"footnotes":""},"class_list":["post-4717","page","type-page","status-publish","hentry"],"acf":[],"yoast_head":"<!-- This site is optimized with the Yoast SEO plugin v27.5 - https:\/\/yoast.com\/product\/yoast-seo-wordpress\/ -->\n<title>Cottage hire in R\u00e4ttvik by Siljan - Fyrkl\u00f6verns Stugby<\/title>\n<meta name=\"description\" content=\"Looking for harmonious and affordable accommodation in R\u00e4ttvik? Fyrkl\u00f6verns Stugby has 28 cabins &amp; is located about 1.5 km from the central.\" \/>\n<meta name=\"robots\" content=\"index, follow, max-snippet:-1, max-image-preview:large, max-video-preview:-1\" \/>\n<link rel=\"canonical\" href=\"https:\/\/stugby.se\/en\/\" \/>\n<meta property=\"og:locale\" content=\"en_US\" \/>\n<meta property=\"og:type\" content=\"article\" \/>\n<meta property=\"og:title\" content=\"Cottage hire in R\u00e4ttvik by Siljan - Fyrkl\u00f6verns Stugby\" \/>\n<meta property=\"og:description\" content=\"Looking for harmonious and affordable accommodation in R\u00e4ttvik? Fyrkl\u00f6verns Stugby has 28 cabins &amp; is located about 1.5 km from the central.\" \/>\n<meta property=\"og:url\" content=\"https:\/\/stugby.se\/en\/\" \/>\n<meta property=\"og:site_name\" content=\"Fyrkl\u00f6verns Stugby\" \/>\n<meta property=\"article:modified_time\" content=\"2025-04-08T10:02:17+00:00\" \/>\n<meta property=\"og:image\" content=\"https:\/\/stugby.se\/wp-content\/uploads\/2021\/10\/F5-Nb-28kvm.jpg\" \/>\n<meta name=\"twitter:card\" content=\"summary_large_image\" \/>\n<meta name=\"twitter:label1\" content=\"Est. reading time\" \/>\n\t<meta name=\"twitter:data1\" content=\"2 minutes\" \/>\n<script type=\"application\/ld+json\" class=\"yoast-schema-graph\">{\"@context\":\"https:\\\/\\\/schema.org\",\"@graph\":[{\"@type\":\"WebPage\",\"@id\":\"https:\\\/\\\/stugby.se\\\/en\\\/\",\"url\":\"https:\\\/\\\/stugby.se\\\/en\\\/\",\"name\":\"Cottage hire in R\u00e4ttvik by Siljan - Fyrkl\u00f6verns Stugby\",\"isPartOf\":{\"@id\":\"https:\\\/\\\/stugby.se\\\/en\\\/#website\"},\"primaryImageOfPage\":{\"@id\":\"https:\\\/\\\/stugby.se\\\/en\\\/#primaryimage\"},\"image\":{\"@id\":\"https:\\\/\\\/stugby.se\\\/en\\\/#primaryimage\"},\"thumbnailUrl\":\"https:\\\/\\\/stugby.se\\\/wp-content\\\/uploads\\\/2021\\\/10\\\/F5-Nb-28kvm.jpg\",\"datePublished\":\"2021-03-10T13:41:28+00:00\",\"dateModified\":\"2025-04-08T10:02:17+00:00\",\"description\":\"Looking for harmonious and affordable accommodation in R\u00e4ttvik? Fyrkl\u00f6verns Stugby has 28 cabins & is located about 1.5 km from the central.\",\"breadcrumb\":{\"@id\":\"https:\\\/\\\/stugby.se\\\/en\\\/#breadcrumb\"},\"inLanguage\":\"en-US\",\"potentialAction\":[{\"@type\":\"ReadAction\",\"target\":[\"https:\\\/\\\/stugby.se\\\/en\\\/\"]}]},{\"@type\":\"ImageObject\",\"inLanguage\":\"en-US\",\"@id\":\"https:\\\/\\\/stugby.se\\\/en\\\/#primaryimage\",\"url\":\"https:\\\/\\\/stugby.se\\\/wp-content\\\/uploads\\\/2021\\\/10\\\/F5-Nb-28kvm.jpg\",\"contentUrl\":\"https:\\\/\\\/stugby.se\\\/wp-content\\\/uploads\\\/2021\\\/10\\\/F5-Nb-28kvm.jpg\"},{\"@type\":\"BreadcrumbList\",\"@id\":\"https:\\\/\\\/stugby.se\\\/en\\\/#breadcrumb\",\"itemListElement\":[{\"@type\":\"ListItem\",\"position\":1,\"name\":\"Hem\",\"item\":\"https:\\\/\\\/stugby.se\\\/en\\\/\"},{\"@type\":\"ListItem\",\"position\":2,\"name\":\"Home\"}]},{\"@type\":\"WebSite\",\"@id\":\"https:\\\/\\\/stugby.se\\\/en\\\/#website\",\"url\":\"https:\\\/\\\/stugby.se\\\/en\\\/\",\"name\":\"Fyrkl\u00f6verns Stugby\",\"description\":\"Avkoppling i en stuga i Dalarna, Skid\u00e5kning &amp; andra aktiviteter.\",\"potentialAction\":[{\"@type\":\"SearchAction\",\"target\":{\"@type\":\"EntryPoint\",\"urlTemplate\":\"https:\\\/\\\/stugby.se\\\/en\\\/?s={search_term_string}\"},\"query-input\":{\"@type\":\"PropertyValueSpecification\",\"valueRequired\":true,\"valueName\":\"search_term_string\"}}],\"inLanguage\":\"en-US\"}]}<\/script>\n<!-- \/ Yoast SEO plugin. -->","yoast_head_json":{"title":"Cottage hire in R\u00e4ttvik by Siljan - Fyrkl\u00f6verns Stugby","description":"Looking for harmonious and affordable accommodation in R\u00e4ttvik? Fyrkl\u00f6verns Stugby has 28 cabins & is located about 1.5 km from the central.","robots":{"index":"index","follow":"follow","max-snippet":"max-snippet:-1","max-image-preview":"max-image-preview:large","max-video-preview":"max-video-preview:-1"},"canonical":"https:\/\/stugby.se\/en\/","og_locale":"en_US","og_type":"article","og_title":"Cottage hire in R\u00e4ttvik by Siljan - Fyrkl\u00f6verns Stugby","og_description":"Looking for harmonious and affordable accommodation in R\u00e4ttvik? Fyrkl\u00f6verns Stugby has 28 cabins & is located about 1.5 km from the central.","og_url":"https:\/\/stugby.se\/en\/","og_site_name":"Fyrkl\u00f6verns Stugby","article_modified_time":"2025-04-08T10:02:17+00:00","og_image":[{"url":"https:\/\/stugby.se\/wp-content\/uploads\/2021\/10\/F5-Nb-28kvm.jpg","type":"","width":"","height":""}],"twitter_card":"summary_large_image","twitter_misc":{"Est. reading time":"2 minutes"},"schema":{"@context":"https:\/\/schema.org","@graph":[{"@type":"WebPage","@id":"https:\/\/stugby.se\/en\/","url":"https:\/\/stugby.se\/en\/","name":"Cottage hire in R\u00e4ttvik by Siljan - Fyrkl\u00f6verns Stugby","isPartOf":{"@id":"https:\/\/stugby.se\/en\/#website"},"primaryImageOfPage":{"@id":"https:\/\/stugby.se\/en\/#primaryimage"},"image":{"@id":"https:\/\/stugby.se\/en\/#primaryimage"},"thumbnailUrl":"https:\/\/stugby.se\/wp-content\/uploads\/2021\/10\/F5-Nb-28kvm.jpg","datePublished":"2021-03-10T13:41:28+00:00","dateModified":"2025-04-08T10:02:17+00:00","description":"Looking for harmonious and affordable accommodation in R\u00e4ttvik? Fyrkl\u00f6verns Stugby has 28 cabins & is located about 1.5 km from the central.","breadcrumb":{"@id":"https:\/\/stugby.se\/en\/#breadcrumb"},"inLanguage":"en-US","potentialAction":[{"@type":"ReadAction","target":["https:\/\/stugby.se\/en\/"]}]},{"@type":"ImageObject","inLanguage":"en-US","@id":"https:\/\/stugby.se\/en\/#primaryimage","url":"https:\/\/stugby.se\/wp-content\/uploads\/2021\/10\/F5-Nb-28kvm.jpg","contentUrl":"https:\/\/stugby.se\/wp-content\/uploads\/2021\/10\/F5-Nb-28kvm.jpg"},{"@type":"BreadcrumbList","@id":"https:\/\/stugby.se\/en\/#breadcrumb","itemListElement":[{"@type":"ListItem","position":1,"name":"Hem","item":"https:\/\/stugby.se\/en\/"},{"@type":"ListItem","position":2,"name":"Home"}]},{"@type":"WebSite","@id":"https:\/\/stugby.se\/en\/#website","url":"https:\/\/stugby.se\/en\/","name":"Fyrkl\u00f6verns Stugby","description":"Avkoppling i en stuga i Dalarna, Skid\u00e5kning &amp; andra aktiviteter.","potentialAction":[{"@type":"SearchAction","target":{"@type":"EntryPoint","urlTemplate":"https:\/\/stugby.se\/en\/?s={search_term_string}"},"query-input":{"@type":"PropertyValueSpecification","valueRequired":true,"valueName":"search_term_string"}}],"inLanguage":"en-US"}]}},"_links":{"self":[{"href":"https:\/\/stugby.se\/en\/wp-json\/wp\/v2\/pages\/4717","targetHints":{"allow":["GET"]}}],"collection":[{"href":"https:\/\/stugby.se\/en\/wp-json\/wp\/v2\/pages"}],"about":[{"href":"https:\/\/stugby.se\/en\/wp-json\/wp\/v2\/types\/page"}],"author":[{"embeddable":true,"href":"https:\/\/stugby.se\/en\/wp-json\/wp\/v2\/users\/1"}],"replies":[{"embeddable":true,"href":"https:\/\/stugby.se\/en\/wp-json\/wp\/v2\/comments?post=4717"}],"version-history":[{"count":0,"href":"https:\/\/stugby.se\/en\/wp-json\/wp\/v2\/pages\/4717\/revisions"}],"wp:attachment":[{"href":"https:\/\/stugby.se\/en\/wp-json\/wp\/v2\/media?parent=4717"}],"curies":[{"name":"wp","href":"https:\/\/api.w.org\/{rel}","templated":true}]}}